{"id":142,"date":"2015-09-05T12:12:27","date_gmt":"2015-09-05T12:12:27","guid":{"rendered":"http:\/\/feiyitrading.com\/?page_id=142"},"modified":"2024-03-12T09:37:30","modified_gmt":"2024-03-12T09:37:30","slug":"control-de-calidad-de-productos","status":"publish","type":"page","link":"https:\/\/feiyitrading.com\/en\/lo-que-hacemos\/control-de-calidad-de-productos\/","title":{"rendered":"Product quality control"},"content":{"rendered":"<div id=\"pl-142\"  class=\"panel-layout\" ><div id=\"pg-142-0\"  class=\"panel-grid panel-no-style\" ><div id=\"pgc-142-0-0\"  class=\"panel-grid-cell\" ><div id=\"panel-142-0-0-0\" class=\"so-panel widget widget_sow-editor panel-first-child\" data-index=\"0\" ><div\n\t\t\t\n\t\t\tclass=\"so-widget-sow-editor so-widget-sow-editor-base\"\n\t\t\t\n\t\t>\n<div class=\"siteorigin-widget-tinymce textwidget\">\n\t<h4 style=\"text-align: left;\">\u00a0 \u00a0 \u00a0We carry out strict quality control on all product orders, following international standards. From inspection of raw materials with which the goods will be manufactured, to the rigorous checking and control of all the requirements requested by the client (in relation to measurements, weights, colors and finishes), so that they are fully met by the manufacturer.<\/h4>\n<h4>\u00a0 \u00a0 \u00a0During the production process, our staff \u2013 with extensive experience in the area \u2013 carries out various types of inspections in the factory, depending on the complexity of the merchandise. We also make reports with photographs, request chemical analyzes and, in some cases, tests are sent to the client, all of this in order to ensure the good condition of the products.<\/h4>\n<h4>\u00a0 \u00a0 \u00a0Our production control service also guarantees that the finished product meets the specifications given by the client and is shipped correctly within the pre-established times. At the same time, the client receives a constant update on the status of production.<\/h4>\n<\/div>\n<\/div><\/div><div id=\"panel-142-0-0-1\" class=\"so-panel widget widget_sow-editor panel-last-child\" data-index=\"1\" ><div class=\"panel-widget-style panel-widget-style-for-142-0-0-1\" ><div\n\t\t\t\n\t\t\tclass=\"so-widget-sow-editor so-widget-sow-editor-base\"\n\t\t\t\n\t\t>\n<div class=\"siteorigin-widget-tinymce textwidget\">\n\t<h1 style=\"text-align: center;\"><span style=\"color: #ffffff;\">FEIYI TRADING carries out strict product quality control under international standards.<\/span><\/h1>\n<\/div>\n<\/div><\/div><\/div><\/div><\/div><\/div>","protected":false},"excerpt":{"rendered":"<p>&hellip;<\/p>","protected":false},"author":1,"featured_media":0,"parent":30,"menu_order":0,"comment_status":"closed","ping_status":"closed","template":"","meta":{"footnotes":""},"class_list":["post-142","page","type-page","status-publish","hentry"],"yoast_head":"<!-- This site is optimized with the Yoast SEO plugin v25.2 - https:\/\/yoast.com\/wordpress\/plugins\/seo\/ -->\n<title>Control de calidad de productos &#8226; Feiyi Trading Co Ltd<\/title>\n<meta name=\"description\" content=\"Control de calidad de productos chinos, inspecci\u00f3n de materias primas, control de la mercanc\u00eda, inspecci\u00f3n de fabricas chinas Feiyi Trading\" \/>\n<meta name=\"robots\" content=\"index, follow, max-snippet:-1, max-image-preview:large, max-video-preview:-1\" \/>\n<link rel=\"canonical\" href=\"https:\/\/feiyitrading.com\/en\/lo-que-hacemos\/control-de-calidad-de-productos\/\" \/>\n<meta property=\"og:locale\" content=\"en_US\" \/>\n<meta property=\"og:type\" content=\"article\" \/>\n<meta property=\"og:title\" content=\"Control de calidad de productos &#8226; Feiyi Trading Co Ltd\" \/>\n<meta property=\"og:description\" content=\"Control de calidad de productos chinos, inspecci\u00f3n de materias primas, control de la mercanc\u00eda, inspecci\u00f3n de fabricas chinas Feiyi Trading\" \/>\n<meta property=\"og:url\" content=\"https:\/\/feiyitrading.com\/en\/lo-que-hacemos\/control-de-calidad-de-productos\/\" \/>\n<meta property=\"og:site_name\" content=\"Feiyi Trading Co Ltd\" \/>\n<meta property=\"article:modified_time\" content=\"2024-03-12T09:37:30+00:00\" \/>\n<meta name=\"twitter:card\" content=\"summary_large_image\" \/>\n<meta name=\"twitter:label1\" content=\"Est. reading time\" \/>\n\t<meta name=\"twitter:data1\" content=\"1 minute\" \/>\n<script type=\"application\/ld+json\" class=\"yoast-schema-graph\">{\"@context\":\"https:\/\/schema.org\",\"@graph\":[{\"@type\":\"WebPage\",\"@id\":\"https:\/\/feiyitrading.com\/lo-que-hacemos\/control-de-calidad-de-productos\/\",\"url\":\"https:\/\/feiyitrading.com\/lo-que-hacemos\/control-de-calidad-de-productos\/\",\"name\":\"Control de calidad de productos &#8226; Feiyi Trading Co Ltd\",\"isPartOf\":{\"@id\":\"https:\/\/feiyitrading.com\/#website\"},\"datePublished\":\"2015-09-05T12:12:27+00:00\",\"dateModified\":\"2024-03-12T09:37:30+00:00\",\"description\":\"Control de calidad de productos chinos, inspecci\u00f3n de materias primas, control de la mercanc\u00eda, inspecci\u00f3n de fabricas chinas Feiyi Trading\",\"breadcrumb\":{\"@id\":\"https:\/\/feiyitrading.com\/lo-que-hacemos\/control-de-calidad-de-productos\/#breadcrumb\"},\"inLanguage\":\"en-US\",\"potentialAction\":[{\"@type\":\"ReadAction\",\"target\":[\"https:\/\/feiyitrading.com\/lo-que-hacemos\/control-de-calidad-de-productos\/\"]}]},{\"@type\":\"BreadcrumbList\",\"@id\":\"https:\/\/feiyitrading.com\/lo-que-hacemos\/control-de-calidad-de-productos\/#breadcrumb\",\"itemListElement\":[{\"@type\":\"ListItem\",\"position\":1,\"name\":\"Home\",\"item\":\"https:\/\/feiyitrading.com\/\"},{\"@type\":\"ListItem\",\"position\":2,\"name\":\"Lo que hacemos\",\"item\":\"https:\/\/feiyitrading.com\/lo-que-hacemos\/\"},{\"@type\":\"ListItem\",\"position\":3,\"name\":\"Control de calidad de productos\"}]},{\"@type\":\"WebSite\",\"@id\":\"https:\/\/feiyitrading.com\/#website\",\"url\":\"https:\/\/feiyitrading.com\/\",\"name\":\"Feiyi Trading Co Ltd\",\"description\":\"Todos los d&iacute;as exportando lo mejor de China\",\"publisher\":{\"@id\":\"https:\/\/feiyitrading.com\/#organization\"},\"potentialAction\":[{\"@type\":\"SearchAction\",\"target\":{\"@type\":\"EntryPoint\",\"urlTemplate\":\"https:\/\/feiyitrading.com\/?s={search_term_string}\"},\"query-input\":{\"@type\":\"PropertyValueSpecification\",\"valueRequired\":true,\"valueName\":\"search_term_string\"}}],\"inLanguage\":\"en-US\"},{\"@type\":\"Organization\",\"@id\":\"https:\/\/feiyitrading.com\/#organization\",\"name\":\"Feiyi Trading Co Ltd\",\"url\":\"https:\/\/feiyitrading.com\/\",\"logo\":{\"@type\":\"ImageObject\",\"inLanguage\":\"en-US\",\"@id\":\"https:\/\/feiyitrading.com\/#\/schema\/logo\/image\/\",\"url\":\"http:\/\/feiyitrading.com\/wp-content\/uploads\/2015\/09\/LOGO-LARGO-PHOTOSHOP-SEP-17.jpg\",\"contentUrl\":\"http:\/\/feiyitrading.com\/wp-content\/uploads\/2015\/09\/LOGO-LARGO-PHOTOSHOP-SEP-17.jpg\",\"width\":4049,\"height\":756,\"caption\":\"Feiyi Trading Co Ltd\"},\"image\":{\"@id\":\"https:\/\/feiyitrading.com\/#\/schema\/logo\/image\/\"}}]}<\/script>\n<!-- \/ Yoast SEO plugin. -->","yoast_head_json":{"title":"Control de calidad de productos &#8226; Feiyi Trading Co Ltd","description":"Control de calidad de productos chinos, inspecci\u00f3n de materias primas, control de la mercanc\u00eda, inspecci\u00f3n de fabricas chinas Feiyi Trading","robots":{"index":"index","follow":"follow","max-snippet":"max-snippet:-1","max-image-preview":"max-image-preview:large","max-video-preview":"max-video-preview:-1"},"canonical":"https:\/\/feiyitrading.com\/en\/lo-que-hacemos\/control-de-calidad-de-productos\/","og_locale":"en_US","og_type":"article","og_title":"Control de calidad de productos &#8226; Feiyi Trading Co Ltd","og_description":"Control de calidad de productos chinos, inspecci\u00f3n de materias primas, control de la mercanc\u00eda, inspecci\u00f3n de fabricas chinas Feiyi Trading","og_url":"https:\/\/feiyitrading.com\/en\/lo-que-hacemos\/control-de-calidad-de-productos\/","og_site_name":"Feiyi Trading Co Ltd","article_modified_time":"2024-03-12T09:37:30+00:00","twitter_card":"summary_large_image","twitter_misc":{"Est. reading time":"1 minute"},"schema":{"@context":"https:\/\/schema.org","@graph":[{"@type":"WebPage","@id":"https:\/\/feiyitrading.com\/lo-que-hacemos\/control-de-calidad-de-productos\/","url":"https:\/\/feiyitrading.com\/lo-que-hacemos\/control-de-calidad-de-productos\/","name":"Control de calidad de productos &#8226; Feiyi Trading Co Ltd","isPartOf":{"@id":"https:\/\/feiyitrading.com\/#website"},"datePublished":"2015-09-05T12:12:27+00:00","dateModified":"2024-03-12T09:37:30+00:00","description":"Control de calidad de productos chinos, inspecci\u00f3n de materias primas, control de la mercanc\u00eda, inspecci\u00f3n de fabricas chinas Feiyi Trading","breadcrumb":{"@id":"https:\/\/feiyitrading.com\/lo-que-hacemos\/control-de-calidad-de-productos\/#breadcrumb"},"inLanguage":"en-US","potentialAction":[{"@type":"ReadAction","target":["https:\/\/feiyitrading.com\/lo-que-hacemos\/control-de-calidad-de-productos\/"]}]},{"@type":"BreadcrumbList","@id":"https:\/\/feiyitrading.com\/lo-que-hacemos\/control-de-calidad-de-productos\/#breadcrumb","itemListElement":[{"@type":"ListItem","position":1,"name":"Home","item":"https:\/\/feiyitrading.com\/"},{"@type":"ListItem","position":2,"name":"Lo que hacemos","item":"https:\/\/feiyitrading.com\/lo-que-hacemos\/"},{"@type":"ListItem","position":3,"name":"Control de calidad de productos"}]},{"@type":"WebSite","@id":"https:\/\/feiyitrading.com\/#website","url":"https:\/\/feiyitrading.com\/","name":"Feiyi Trading Co Ltd","description":"Todos los d&iacute;as exportando lo mejor de China","publisher":{"@id":"https:\/\/feiyitrading.com\/#organization"},"potentialAction":[{"@type":"SearchAction","target":{"@type":"EntryPoint","urlTemplate":"https:\/\/feiyitrading.com\/?s={search_term_string}"},"query-input":{"@type":"PropertyValueSpecification","valueRequired":true,"valueName":"search_term_string"}}],"inLanguage":"en-US"},{"@type":"Organization","@id":"https:\/\/feiyitrading.com\/#organization","name":"Feiyi Trading Co Ltd","url":"https:\/\/feiyitrading.com\/","logo":{"@type":"ImageObject","inLanguage":"en-US","@id":"https:\/\/feiyitrading.com\/#\/schema\/logo\/image\/","url":"http:\/\/feiyitrading.com\/wp-content\/uploads\/2015\/09\/LOGO-LARGO-PHOTOSHOP-SEP-17.jpg","contentUrl":"http:\/\/feiyitrading.com\/wp-content\/uploads\/2015\/09\/LOGO-LARGO-PHOTOSHOP-SEP-17.jpg","width":4049,"height":756,"caption":"Feiyi Trading Co Ltd"},"image":{"@id":"https:\/\/feiyitrading.com\/#\/schema\/logo\/image\/"}}]}},"_links":{"self":[{"href":"https:\/\/feiyitrading.com\/en\/wp-json\/wp\/v2\/pages\/142","targetHints":{"allow":["GET"]}}],"collection":[{"href":"https:\/\/feiyitrading.com\/en\/wp-json\/wp\/v2\/pages"}],"about":[{"href":"https:\/\/feiyitrading.com\/en\/wp-json\/wp\/v2\/types\/page"}],"author":[{"embeddable":true,"href":"https:\/\/feiyitrading.com\/en\/wp-json\/wp\/v2\/users\/1"}],"replies":[{"embeddable":true,"href":"https:\/\/feiyitrading.com\/en\/wp-json\/wp\/v2\/comments?post=142"}],"version-history":[{"count":11,"href":"https:\/\/feiyitrading.com\/en\/wp-json\/wp\/v2\/pages\/142\/revisions"}],"predecessor-version":[{"id":1423,"href":"https:\/\/feiyitrading.com\/en\/wp-json\/wp\/v2\/pages\/142\/revisions\/1423"}],"up":[{"embeddable":true,"href":"https:\/\/feiyitrading.com\/en\/wp-json\/wp\/v2\/pages\/30"}],"wp:attachment":[{"href":"https:\/\/feiyitrading.com\/en\/wp-json\/wp\/v2\/media?parent=142"}],"curies":[{"name":"wp","href":"https:\/\/api.w.org\/{rel}","templated":true}]}}