{"id":145,"date":"2015-09-05T12:19:06","date_gmt":"2015-09-05T12:19:06","guid":{"rendered":"http:\/\/feiyitrading.com\/?page_id=145"},"modified":"2024-03-12T09:38:22","modified_gmt":"2024-03-12T09:38:22","slug":"servicio-de-envio-y-logistica","status":"publish","type":"page","link":"https:\/\/feiyitrading.com\/en\/lo-que-hacemos\/servicio-de-envio-y-logistica\/","title":{"rendered":"Shipping &amp; logistics service"},"content":{"rendered":"<div id=\"pl-145\"  class=\"panel-layout\" ><div id=\"pg-145-0\"  class=\"panel-grid panel-no-style\" ><div id=\"pgc-145-0-0\"  class=\"panel-grid-cell\" ><div id=\"panel-145-0-0-0\" class=\"so-panel widget widget_sow-editor panel-first-child panel-last-child\" data-index=\"0\" ><div\n\t\t\t\n\t\t\tclass=\"so-widget-sow-editor so-widget-sow-editor-base\"\n\t\t\t\n\t\t>\n<div class=\"siteorigin-widget-tinymce textwidget\">\n\t<h4>\u00a0 \u00a0Our shipping and logistics service includes ocean, air, door-to-door and cargo consolidation shipments. Furthermore, before making the shipment \u2013 \u200b\u200bin the case of travel by sea \u2013 we verify the quality of the packaging of the merchandise, the handling and loading of the products, the conditions of the container, we make the packing list and we are present on the day of loading to check the final closure of the container, once the entire purchase has been loaded.<\/h4>\n<h4>\u00a0 \u00a0 \u00a0We take photographs and send you a report of the cargo as it will arrive at its destination, as well as a plan with its position inside the container.<\/h4>\n<h4>\u00a0 \u00a0 \u00a0This control stage has vital significance, due to the long periods in which, generally, the merchandise will be in transit to the final destination. On many occasions, during loading and sea and land travel, containers tend to suffer sudden movements, for which correct filling and taking effective measures to secure the pallets and or boxes \u2013 depending on the size of the merchandise \u2013 will allow receive your purchase in optimal conditions.<\/h4>\n<h4>\u00a0 \u00a0 \u00a0Once the products have left China port or any other country in Asia towards their final destination, we take care of processing all the export documents: shipping report, invoices, packing list, bill of lading (B\/L) and or telex release.<\/h4>\n<\/div>\n<\/div><\/div><\/div><\/div><div id=\"pg-145-1\"  class=\"panel-grid panel-no-style\" ><div id=\"pgc-145-1-0\"  class=\"panel-grid-cell\" ><div id=\"panel-145-1-0-0\" class=\"so-panel widget widget_sow-editor panel-first-child panel-last-child\" data-index=\"1\" ><div class=\"panel-widget-style panel-widget-style-for-145-1-0-0\" ><div\n\t\t\t\n\t\t\tclass=\"so-widget-sow-editor so-widget-sow-editor-base\"\n\t\t\t\n\t\t>\n<div class=\"siteorigin-widget-tinymce textwidget\">\n\t<h1 style=\"text-align: center;\"><span style=\"color: #ffffff;\">FEIYI TRADING offers sea, air, door-to-door and cargo consolidation shipping.<\/span><\/h1>\n<\/div>\n<\/div><\/div><\/div><\/div><\/div><\/div>","protected":false},"excerpt":{"rendered":"<p>&hellip;<\/p>","protected":false},"author":1,"featured_media":0,"parent":30,"menu_order":0,"comment_status":"closed","ping_status":"closed","template":"","meta":{"footnotes":""},"class_list":["post-145","page","type-page","status-publish","hentry"],"yoast_head":"<!-- This site is optimized with the Yoast SEO plugin v25.2 - https:\/\/yoast.com\/wordpress\/plugins\/seo\/ -->\n<title>Servicio de env\u00edo y log\u00edstica \u2022 Feiyi Trading Co Ltd<\/title>\n<meta name=\"description\" content=\"Servicio de envio y log\u00edstica desde China, importaci\u00f3n de productos chinos, importar desde China, env\u00edos mar\u00edtimos, env\u00edos por avi\u00f3n, env\u00edos puerta a puerta\" \/>\n<meta name=\"robots\" content=\"index, follow, max-snippet:-1, max-image-preview:large, max-video-preview:-1\" \/>\n<link rel=\"canonical\" href=\"https:\/\/feiyitrading.com\/en\/lo-que-hacemos\/servicio-de-envio-y-logistica\/\" \/>\n<meta property=\"og:locale\" content=\"en_US\" \/>\n<meta property=\"og:type\" content=\"article\" \/>\n<meta property=\"og:title\" content=\"Servicio de env\u00edo y log\u00edstica \u2022 Feiyi Trading Co Ltd\" \/>\n<meta property=\"og:description\" content=\"Servicio de envio y log\u00edstica desde China, importaci\u00f3n de productos chinos, importar desde China, env\u00edos mar\u00edtimos, env\u00edos por avi\u00f3n, env\u00edos puerta a puerta\" \/>\n<meta property=\"og:url\" content=\"https:\/\/feiyitrading.com\/en\/lo-que-hacemos\/servicio-de-envio-y-logistica\/\" \/>\n<meta property=\"og:site_name\" content=\"Feiyi Trading Co Ltd\" \/>\n<meta property=\"article:modified_time\" content=\"2024-03-12T09:38:22+00:00\" \/>\n<meta name=\"twitter:card\" content=\"summary_large_image\" \/>\n<meta name=\"twitter:label1\" content=\"Est. reading time\" \/>\n\t<meta name=\"twitter:data1\" content=\"2 minutes\" \/>\n<script type=\"application\/ld+json\" class=\"yoast-schema-graph\">{\"@context\":\"https:\/\/schema.org\",\"@graph\":[{\"@type\":\"WebPage\",\"@id\":\"https:\/\/feiyitrading.com\/lo-que-hacemos\/servicio-de-envio-y-logistica\/\",\"url\":\"https:\/\/feiyitrading.com\/lo-que-hacemos\/servicio-de-envio-y-logistica\/\",\"name\":\"Servicio de env\u00edo y log\u00edstica \u2022 Feiyi Trading Co Ltd\",\"isPartOf\":{\"@id\":\"https:\/\/feiyitrading.com\/#website\"},\"datePublished\":\"2015-09-05T12:19:06+00:00\",\"dateModified\":\"2024-03-12T09:38:22+00:00\",\"description\":\"Servicio de envio y log\u00edstica desde China, importaci\u00f3n de productos chinos, importar desde China, env\u00edos mar\u00edtimos, env\u00edos por avi\u00f3n, env\u00edos puerta a puerta\",\"breadcrumb\":{\"@id\":\"https:\/\/feiyitrading.com\/lo-que-hacemos\/servicio-de-envio-y-logistica\/#breadcrumb\"},\"inLanguage\":\"en-US\",\"potentialAction\":[{\"@type\":\"ReadAction\",\"target\":[\"https:\/\/feiyitrading.com\/lo-que-hacemos\/servicio-de-envio-y-logistica\/\"]}]},{\"@type\":\"BreadcrumbList\",\"@id\":\"https:\/\/feiyitrading.com\/lo-que-hacemos\/servicio-de-envio-y-logistica\/#breadcrumb\",\"itemListElement\":[{\"@type\":\"ListItem\",\"position\":1,\"name\":\"Home\",\"item\":\"https:\/\/feiyitrading.com\/\"},{\"@type\":\"ListItem\",\"position\":2,\"name\":\"Lo que hacemos\",\"item\":\"https:\/\/feiyitrading.com\/lo-que-hacemos\/\"},{\"@type\":\"ListItem\",\"position\":3,\"name\":\"Servicio de env\u00edo y log\u00edstica\"}]},{\"@type\":\"WebSite\",\"@id\":\"https:\/\/feiyitrading.com\/#website\",\"url\":\"https:\/\/feiyitrading.com\/\",\"name\":\"Feiyi Trading Co Ltd\",\"description\":\"Todos los d&iacute;as exportando lo mejor de China\",\"publisher\":{\"@id\":\"https:\/\/feiyitrading.com\/#organization\"},\"potentialAction\":[{\"@type\":\"SearchAction\",\"target\":{\"@type\":\"EntryPoint\",\"urlTemplate\":\"https:\/\/feiyitrading.com\/?s={search_term_string}\"},\"query-input\":{\"@type\":\"PropertyValueSpecification\",\"valueRequired\":true,\"valueName\":\"search_term_string\"}}],\"inLanguage\":\"en-US\"},{\"@type\":\"Organization\",\"@id\":\"https:\/\/feiyitrading.com\/#organization\",\"name\":\"Feiyi Trading Co Ltd\",\"url\":\"https:\/\/feiyitrading.com\/\",\"logo\":{\"@type\":\"ImageObject\",\"inLanguage\":\"en-US\",\"@id\":\"https:\/\/feiyitrading.com\/#\/schema\/logo\/image\/\",\"url\":\"http:\/\/feiyitrading.com\/wp-content\/uploads\/2015\/09\/LOGO-LARGO-PHOTOSHOP-SEP-17.jpg\",\"contentUrl\":\"http:\/\/feiyitrading.com\/wp-content\/uploads\/2015\/09\/LOGO-LARGO-PHOTOSHOP-SEP-17.jpg\",\"width\":4049,\"height\":756,\"caption\":\"Feiyi Trading Co Ltd\"},\"image\":{\"@id\":\"https:\/\/feiyitrading.com\/#\/schema\/logo\/image\/\"}}]}<\/script>\n<!-- \/ Yoast SEO plugin. -->","yoast_head_json":{"title":"Servicio de env\u00edo y log\u00edstica \u2022 Feiyi Trading Co Ltd","description":"Servicio de envio y log\u00edstica desde China, importaci\u00f3n de productos chinos, importar desde China, env\u00edos mar\u00edtimos, env\u00edos por avi\u00f3n, env\u00edos puerta a puerta","robots":{"index":"index","follow":"follow","max-snippet":"max-snippet:-1","max-image-preview":"max-image-preview:large","max-video-preview":"max-video-preview:-1"},"canonical":"https:\/\/feiyitrading.com\/en\/lo-que-hacemos\/servicio-de-envio-y-logistica\/","og_locale":"en_US","og_type":"article","og_title":"Servicio de env\u00edo y log\u00edstica \u2022 Feiyi Trading Co Ltd","og_description":"Servicio de envio y log\u00edstica desde China, importaci\u00f3n de productos chinos, importar desde China, env\u00edos mar\u00edtimos, env\u00edos por avi\u00f3n, env\u00edos puerta a puerta","og_url":"https:\/\/feiyitrading.com\/en\/lo-que-hacemos\/servicio-de-envio-y-logistica\/","og_site_name":"Feiyi Trading Co Ltd","article_modified_time":"2024-03-12T09:38:22+00:00","twitter_card":"summary_large_image","twitter_misc":{"Est. reading time":"2 minutes"},"schema":{"@context":"https:\/\/schema.org","@graph":[{"@type":"WebPage","@id":"https:\/\/feiyitrading.com\/lo-que-hacemos\/servicio-de-envio-y-logistica\/","url":"https:\/\/feiyitrading.com\/lo-que-hacemos\/servicio-de-envio-y-logistica\/","name":"Servicio de env\u00edo y log\u00edstica \u2022 Feiyi Trading Co Ltd","isPartOf":{"@id":"https:\/\/feiyitrading.com\/#website"},"datePublished":"2015-09-05T12:19:06+00:00","dateModified":"2024-03-12T09:38:22+00:00","description":"Servicio de envio y log\u00edstica desde China, importaci\u00f3n de productos chinos, importar desde China, env\u00edos mar\u00edtimos, env\u00edos por avi\u00f3n, env\u00edos puerta a puerta","breadcrumb":{"@id":"https:\/\/feiyitrading.com\/lo-que-hacemos\/servicio-de-envio-y-logistica\/#breadcrumb"},"inLanguage":"en-US","potentialAction":[{"@type":"ReadAction","target":["https:\/\/feiyitrading.com\/lo-que-hacemos\/servicio-de-envio-y-logistica\/"]}]},{"@type":"BreadcrumbList","@id":"https:\/\/feiyitrading.com\/lo-que-hacemos\/servicio-de-envio-y-logistica\/#breadcrumb","itemListElement":[{"@type":"ListItem","position":1,"name":"Home","item":"https:\/\/feiyitrading.com\/"},{"@type":"ListItem","position":2,"name":"Lo que hacemos","item":"https:\/\/feiyitrading.com\/lo-que-hacemos\/"},{"@type":"ListItem","position":3,"name":"Servicio de env\u00edo y log\u00edstica"}]},{"@type":"WebSite","@id":"https:\/\/feiyitrading.com\/#website","url":"https:\/\/feiyitrading.com\/","name":"Feiyi Trading Co Ltd","description":"Todos los d&iacute;as exportando lo mejor de China","publisher":{"@id":"https:\/\/feiyitrading.com\/#organization"},"potentialAction":[{"@type":"SearchAction","target":{"@type":"EntryPoint","urlTemplate":"https:\/\/feiyitrading.com\/?s={search_term_string}"},"query-input":{"@type":"PropertyValueSpecification","valueRequired":true,"valueName":"search_term_string"}}],"inLanguage":"en-US"},{"@type":"Organization","@id":"https:\/\/feiyitrading.com\/#organization","name":"Feiyi Trading Co Ltd","url":"https:\/\/feiyitrading.com\/","logo":{"@type":"ImageObject","inLanguage":"en-US","@id":"https:\/\/feiyitrading.com\/#\/schema\/logo\/image\/","url":"http:\/\/feiyitrading.com\/wp-content\/uploads\/2015\/09\/LOGO-LARGO-PHOTOSHOP-SEP-17.jpg","contentUrl":"http:\/\/feiyitrading.com\/wp-content\/uploads\/2015\/09\/LOGO-LARGO-PHOTOSHOP-SEP-17.jpg","width":4049,"height":756,"caption":"Feiyi Trading Co Ltd"},"image":{"@id":"https:\/\/feiyitrading.com\/#\/schema\/logo\/image\/"}}]}},"_links":{"self":[{"href":"https:\/\/feiyitrading.com\/en\/wp-json\/wp\/v2\/pages\/145","targetHints":{"allow":["GET"]}}],"collection":[{"href":"https:\/\/feiyitrading.com\/en\/wp-json\/wp\/v2\/pages"}],"about":[{"href":"https:\/\/feiyitrading.com\/en\/wp-json\/wp\/v2\/types\/page"}],"author":[{"embeddable":true,"href":"https:\/\/feiyitrading.com\/en\/wp-json\/wp\/v2\/users\/1"}],"replies":[{"embeddable":true,"href":"https:\/\/feiyitrading.com\/en\/wp-json\/wp\/v2\/comments?post=145"}],"version-history":[{"count":18,"href":"https:\/\/feiyitrading.com\/en\/wp-json\/wp\/v2\/pages\/145\/revisions"}],"predecessor-version":[{"id":1426,"href":"https:\/\/feiyitrading.com\/en\/wp-json\/wp\/v2\/pages\/145\/revisions\/1426"}],"up":[{"embeddable":true,"href":"https:\/\/feiyitrading.com\/en\/wp-json\/wp\/v2\/pages\/30"}],"wp:attachment":[{"href":"https:\/\/feiyitrading.com\/en\/wp-json\/wp\/v2\/media?parent=145"}],"curies":[{"name":"wp","href":"https:\/\/api.w.org\/{rel}","templated":true}]}}